{"id":60,"date":"2022-06-16T08:45:39","date_gmt":"2022-06-16T08:45:39","guid":{"rendered":"http:\/\/www.toldosolaris.cat\/?page_id=60"},"modified":"2023-03-08T09:20:53","modified_gmt":"2023-03-08T09:20:53","slug":"toldos-articulados","status":"publish","type":"page","link":"http:\/\/www.toldosolaris.cat\/index.php\/toldos-articulados\/","title":{"rendered":"Toldos articulados"},"content":{"rendered":"\n<p><strong>Toldos de brazos articulados<\/strong><\/p>\n\n\n\n<figure class=\"wp-block-image size-full\"><img loading=\"lazy\" decoding=\"async\" width=\"640\" height=\"426\" src=\"http:\/\/www.toldosolaris.cat\/wp-content\/uploads\/2022\/06\/toldo-brazo-articulado.jpg\" alt=\"\" class=\"wp-image-36\" srcset=\"http:\/\/www.toldosolaris.cat\/wp-content\/uploads\/2022\/06\/toldo-brazo-articulado.jpg 640w, http:\/\/www.toldosolaris.cat\/wp-content\/uploads\/2022\/06\/toldo-brazo-articulado-300x200.jpg 300w, http:\/\/www.toldosolaris.cat\/wp-content\/uploads\/2022\/06\/toldo-brazo-articulado-451x300.jpg 451w\" sizes=\"auto, (max-width: 640px) 100vw, 640px\" \/><\/figure>\n\n\n\n<p>Los toldos de brazos articulados o telesc\u00f3picos ofrecen m\u00faltiples ventajas y permite disfrutar a la sombra de nuestra terraza o jard\u00edn. <\/p>\n\n\n\n<p>Se caracterizan por estar anclados a la pared o techo. Los brazos articulados o telesc\u00f3picos proyectan el tejido hacia el exterior de forma constante y manteni\u00e9ndolo tensado durante todo su recorrido.<\/p>\n\n\n\n<h2 class=\"wp-block-heading\">Toldos cofre<\/h2>\n\n\n\n<figure class=\"wp-block-image size-full\"><img loading=\"lazy\" decoding=\"async\" width=\"1000\" height=\"500\" src=\"http:\/\/www.toldosolaris.cat\/wp-content\/uploads\/2022\/06\/toldo-con-cofre-domotica-tejido-acrilico.jpg\" alt=\"\" class=\"wp-image-37\" srcset=\"http:\/\/www.toldosolaris.cat\/wp-content\/uploads\/2022\/06\/toldo-con-cofre-domotica-tejido-acrilico.jpg 1000w, http:\/\/www.toldosolaris.cat\/wp-content\/uploads\/2022\/06\/toldo-con-cofre-domotica-tejido-acrilico-300x150.jpg 300w, http:\/\/www.toldosolaris.cat\/wp-content\/uploads\/2022\/06\/toldo-con-cofre-domotica-tejido-acrilico-768x384.jpg 768w, http:\/\/www.toldosolaris.cat\/wp-content\/uploads\/2022\/06\/toldo-con-cofre-domotica-tejido-acrilico-500x250.jpg 500w\" sizes=\"auto, (max-width: 1000px) 100vw, 1000px\" \/><\/figure>\n\n\n\n<p>El cofre aporta m\u00e1xima protecci\u00f3n cuando el toldo est\u00e1 cerrado. Permite que su mantenimiento sea m\u00e1s f\u00e1cil y econ\u00f3mico alargando la vida \u00fatil del mismo.<\/p>\n\n\n\n<p>El cofre es un tipo de toldo articulado o telesc\u00f3pico que se encuentra bien protegido.<\/p>\n\n\n\n<h2 class=\"wp-block-heading\">Toldos monoblock<\/h2>\n\n\n\n<figure class=\"wp-block-image size-full\"><img loading=\"lazy\" decoding=\"async\" width=\"722\" height=\"662\" src=\"http:\/\/www.toldosolaris.cat\/wp-content\/uploads\/2022\/06\/toldos-monobloc.jpg\" alt=\"\" class=\"wp-image-38\" srcset=\"http:\/\/www.toldosolaris.cat\/wp-content\/uploads\/2022\/06\/toldos-monobloc.jpg 722w, http:\/\/www.toldosolaris.cat\/wp-content\/uploads\/2022\/06\/toldos-monobloc-300x275.jpg 300w, http:\/\/www.toldosolaris.cat\/wp-content\/uploads\/2022\/06\/toldos-monobloc-327x300.jpg 327w\" sizes=\"auto, (max-width: 722px) 100vw, 722px\" \/><\/figure>\n\n\n\n<p>Los toldos monoblock son una variante de los brazos invisibles montados sobre barra cuadrada de 40&#215;40 para grandes dimensiones.<\/p>\n\n\n\n<p>Esta gama de sistema presenta una amplia variedad de posibilidades en funci\u00f3n de las necesidades a cubrir. Son toldos de naturaleza compacta y robusta sin olvidar la elegancia de los grandes espacios.<\/p>\n","protected":false},"excerpt":{"rendered":"<p>Toldos de brazos articulados Los toldos de brazos articulados o telesc\u00f3picos ofrecen m\u00faltiples ventajas y permite disfrutar a la sombra de nuestra terraza o jard\u00edn. Se caracterizan por estar anclados a la pared o techo. Los brazos articulados o telesc\u00f3picos &hellip; <a href=\"http:\/\/www.toldosolaris.cat\/index.php\/toldos-articulados\/\">Continue reading <span class=\"meta-nav\">&rarr;<\/span><\/a><\/p>\n","protected":false},"author":1,"featured_media":0,"parent":0,"menu_order":0,"comment_status":"closed","ping_status":"closed","template":"","meta":{"footnotes":""},"class_list":["post-60","page","type-page","status-publish","hentry"],"_links":{"self":[{"href":"http:\/\/www.toldosolaris.cat\/index.php\/wp-json\/wp\/v2\/pages\/60","targetHints":{"allow":["GET"]}}],"collection":[{"href":"http:\/\/www.toldosolaris.cat\/index.php\/wp-json\/wp\/v2\/pages"}],"about":[{"href":"http:\/\/www.toldosolaris.cat\/index.php\/wp-json\/wp\/v2\/types\/page"}],"author":[{"embeddable":true,"href":"http:\/\/www.toldosolaris.cat\/index.php\/wp-json\/wp\/v2\/users\/1"}],"replies":[{"embeddable":true,"href":"http:\/\/www.toldosolaris.cat\/index.php\/wp-json\/wp\/v2\/comments?post=60"}],"version-history":[{"count":6,"href":"http:\/\/www.toldosolaris.cat\/index.php\/wp-json\/wp\/v2\/pages\/60\/revisions"}],"predecessor-version":[{"id":116,"href":"http:\/\/www.toldosolaris.cat\/index.php\/wp-json\/wp\/v2\/pages\/60\/revisions\/116"}],"wp:attachment":[{"href":"http:\/\/www.toldosolaris.cat\/index.php\/wp-json\/wp\/v2\/media?parent=60"}],"curies":[{"name":"wp","href":"https:\/\/api.w.org\/{rel}","templated":true}]}}